{"id":379,"date":"2025-06-16T07:26:50","date_gmt":"2025-06-16T04:26:50","guid":{"rendered":"https:\/\/agrologistika.eu\/ret\/"},"modified":"2025-09-17T08:15:28","modified_gmt":"2025-09-17T05:15:28","slug":"apie-mus","status":"publish","type":"page","link":"https:\/\/agrologistika.eu\/lt\/apie-mus\/","title":{"rendered":"Apie mus"},"content":{"rendered":"","protected":false},"excerpt":{"rendered":"","protected":false},"author":1,"featured_media":0,"parent":0,"menu_order":0,"comment_status":"closed","ping_status":"closed","template":"template-about-us.php","meta":{"_acf_changed":false,"footnotes":""},"class_list":["post-379","page","type-page","status-publish","hentry"],"acf":[],"yoast_head":"<!-- This site is optimized with the Yoast SEO plugin v27.2 - https:\/\/yoast.com\/product\/yoast-seo-wordpress\/ -->\n<title>Apie mus | Transporto Logistikos \u012fmon\u0117 Agrologistika<\/title>\n<meta name=\"description\" content=\"Atsakomyb\u0117, lankstus proces\u0173 valdymas, susitarim\u0173 laikymasis bei naujausius saugos reikalavimus atitinkantys transportas ir sistemos.\" \/>\n<meta name=\"robots\" content=\"index, follow, max-snippet:-1, max-image-preview:large, max-video-preview:-1\" \/>\n<link rel=\"canonical\" href=\"https:\/\/agrologistika.eu\/about-us\/\" \/>\n<meta property=\"og:locale\" content=\"lt_LT\" \/>\n<meta property=\"og:type\" content=\"article\" \/>\n<meta property=\"og:title\" content=\"Apie mus | Transporto Logistikos \u012fmon\u0117 Agrologistika\" \/>\n<meta property=\"og:description\" content=\"Atsakomyb\u0117, lankstus proces\u0173 valdymas, susitarim\u0173 laikymasis bei naujausius saugos reikalavimus atitinkantys transportas ir sistemos.\" \/>\n<meta property=\"og:url\" content=\"https:\/\/agrologistika.eu\/about-us\/\" \/>\n<meta property=\"og:site_name\" content=\"Agrologistika\" \/>\n<meta property=\"article:publisher\" content=\"https:\/\/www.facebook.com\/p\/Agrologistika-100063669754269\/\" \/>\n<meta property=\"article:modified_time\" content=\"2025-09-17T05:15:28+00:00\" \/>\n<meta name=\"twitter:card\" content=\"summary_large_image\" \/>\n<script type=\"application\/ld+json\" class=\"yoast-schema-graph\">{\"@context\":\"https:\/\/schema.org\",\"@graph\":[{\"@type\":\"WebPage\",\"@id\":\"https:\/\/agrologistika.eu\/about-us\/\",\"url\":\"https:\/\/agrologistika.eu\/about-us\/\",\"name\":\"Apie mus | Transporto Logistikos \u012fmon\u0117 Agrologistika\",\"isPartOf\":{\"@id\":\"https:\/\/agrologistika.eu\/#website\"},\"datePublished\":\"2025-06-16T04:26:50+00:00\",\"dateModified\":\"2025-09-17T05:15:28+00:00\",\"description\":\"Atsakomyb\u0117, lankstus proces\u0173 valdymas, susitarim\u0173 laikymasis bei naujausius saugos reikalavimus atitinkantys transportas ir sistemos.\",\"breadcrumb\":{\"@id\":\"https:\/\/agrologistika.eu\/about-us\/#breadcrumb\"},\"inLanguage\":\"lt-LT\",\"potentialAction\":[{\"@type\":\"ReadAction\",\"target\":[\"https:\/\/agrologistika.eu\/about-us\/\"]}]},{\"@type\":\"BreadcrumbList\",\"@id\":\"https:\/\/agrologistika.eu\/about-us\/#breadcrumb\",\"itemListElement\":[{\"@type\":\"ListItem\",\"position\":1,\"name\":\"Home\",\"item\":\"https:\/\/agrologistika.eu\/lt\/\"},{\"@type\":\"ListItem\",\"position\":2,\"name\":\"Apie mus\"}]},{\"@type\":\"WebSite\",\"@id\":\"https:\/\/agrologistika.eu\/#website\",\"url\":\"https:\/\/agrologistika.eu\/\",\"name\":\"Agrologistika\",\"description\":\"\",\"publisher\":{\"@id\":\"https:\/\/agrologistika.eu\/#organization\"},\"potentialAction\":[{\"@type\":\"SearchAction\",\"target\":{\"@type\":\"EntryPoint\",\"urlTemplate\":\"https:\/\/agrologistika.eu\/?s={search_term_string}\"},\"query-input\":{\"@type\":\"PropertyValueSpecification\",\"valueRequired\":true,\"valueName\":\"search_term_string\"}}],\"inLanguage\":\"lt-LT\"},{\"@type\":\"Organization\",\"@id\":\"https:\/\/agrologistika.eu\/#organization\",\"name\":\"Agrologistika\",\"url\":\"https:\/\/agrologistika.eu\/\",\"logo\":{\"@type\":\"ImageObject\",\"inLanguage\":\"lt-LT\",\"@id\":\"https:\/\/agrologistika.eu\/#\/schema\/logo\/image\/\",\"url\":\"https:\/\/agrologistika.eu\/wp-content\/uploads\/2025\/06\/cropped-f0868e5e45f7c4df28c2803b2316a932e2bbb3c4.png\",\"contentUrl\":\"https:\/\/agrologistika.eu\/wp-content\/uploads\/2025\/06\/cropped-f0868e5e45f7c4df28c2803b2316a932e2bbb3c4.png\",\"width\":973,\"height\":144,\"caption\":\"Agrologistika\"},\"image\":{\"@id\":\"https:\/\/agrologistika.eu\/#\/schema\/logo\/image\/\"},\"sameAs\":[\"https:\/\/www.facebook.com\/p\/Agrologistika-100063669754269\/\",\"https:\/\/www.linkedin.com\/company\/agrologistika\/\"]}]}<\/script>\n<!-- \/ Yoast SEO plugin. -->","yoast_head_json":{"title":"Apie mus | Transporto Logistikos \u012fmon\u0117 Agrologistika","description":"Atsakomyb\u0117, lankstus proces\u0173 valdymas, susitarim\u0173 laikymasis bei naujausius saugos reikalavimus atitinkantys transportas ir sistemos.","robots":{"index":"index","follow":"follow","max-snippet":"max-snippet:-1","max-image-preview":"max-image-preview:large","max-video-preview":"max-video-preview:-1"},"canonical":"https:\/\/agrologistika.eu\/about-us\/","og_locale":"lt_LT","og_type":"article","og_title":"Apie mus | Transporto Logistikos \u012fmon\u0117 Agrologistika","og_description":"Atsakomyb\u0117, lankstus proces\u0173 valdymas, susitarim\u0173 laikymasis bei naujausius saugos reikalavimus atitinkantys transportas ir sistemos.","og_url":"https:\/\/agrologistika.eu\/about-us\/","og_site_name":"Agrologistika","article_publisher":"https:\/\/www.facebook.com\/p\/Agrologistika-100063669754269\/","article_modified_time":"2025-09-17T05:15:28+00:00","twitter_card":"summary_large_image","schema":{"@context":"https:\/\/schema.org","@graph":[{"@type":"WebPage","@id":"https:\/\/agrologistika.eu\/about-us\/","url":"https:\/\/agrologistika.eu\/about-us\/","name":"Apie mus | Transporto Logistikos \u012fmon\u0117 Agrologistika","isPartOf":{"@id":"https:\/\/agrologistika.eu\/#website"},"datePublished":"2025-06-16T04:26:50+00:00","dateModified":"2025-09-17T05:15:28+00:00","description":"Atsakomyb\u0117, lankstus proces\u0173 valdymas, susitarim\u0173 laikymasis bei naujausius saugos reikalavimus atitinkantys transportas ir sistemos.","breadcrumb":{"@id":"https:\/\/agrologistika.eu\/about-us\/#breadcrumb"},"inLanguage":"lt-LT","potentialAction":[{"@type":"ReadAction","target":["https:\/\/agrologistika.eu\/about-us\/"]}]},{"@type":"BreadcrumbList","@id":"https:\/\/agrologistika.eu\/about-us\/#breadcrumb","itemListElement":[{"@type":"ListItem","position":1,"name":"Home","item":"https:\/\/agrologistika.eu\/lt\/"},{"@type":"ListItem","position":2,"name":"Apie mus"}]},{"@type":"WebSite","@id":"https:\/\/agrologistika.eu\/#website","url":"https:\/\/agrologistika.eu\/","name":"Agrologistika","description":"","publisher":{"@id":"https:\/\/agrologistika.eu\/#organization"},"potentialAction":[{"@type":"SearchAction","target":{"@type":"EntryPoint","urlTemplate":"https:\/\/agrologistika.eu\/?s={search_term_string}"},"query-input":{"@type":"PropertyValueSpecification","valueRequired":true,"valueName":"search_term_string"}}],"inLanguage":"lt-LT"},{"@type":"Organization","@id":"https:\/\/agrologistika.eu\/#organization","name":"Agrologistika","url":"https:\/\/agrologistika.eu\/","logo":{"@type":"ImageObject","inLanguage":"lt-LT","@id":"https:\/\/agrologistika.eu\/#\/schema\/logo\/image\/","url":"https:\/\/agrologistika.eu\/wp-content\/uploads\/2025\/06\/cropped-f0868e5e45f7c4df28c2803b2316a932e2bbb3c4.png","contentUrl":"https:\/\/agrologistika.eu\/wp-content\/uploads\/2025\/06\/cropped-f0868e5e45f7c4df28c2803b2316a932e2bbb3c4.png","width":973,"height":144,"caption":"Agrologistika"},"image":{"@id":"https:\/\/agrologistika.eu\/#\/schema\/logo\/image\/"},"sameAs":["https:\/\/www.facebook.com\/p\/Agrologistika-100063669754269\/","https:\/\/www.linkedin.com\/company\/agrologistika\/"]}]}},"_links":{"self":[{"href":"https:\/\/agrologistika.eu\/lt\/wp-json\/wp\/v2\/pages\/379","targetHints":{"allow":["GET"]}}],"collection":[{"href":"https:\/\/agrologistika.eu\/lt\/wp-json\/wp\/v2\/pages"}],"about":[{"href":"https:\/\/agrologistika.eu\/lt\/wp-json\/wp\/v2\/types\/page"}],"author":[{"embeddable":true,"href":"https:\/\/agrologistika.eu\/lt\/wp-json\/wp\/v2\/users\/1"}],"replies":[{"embeddable":true,"href":"https:\/\/agrologistika.eu\/lt\/wp-json\/wp\/v2\/comments?post=379"}],"version-history":[{"count":5,"href":"https:\/\/agrologistika.eu\/lt\/wp-json\/wp\/v2\/pages\/379\/revisions"}],"predecessor-version":[{"id":859,"href":"https:\/\/agrologistika.eu\/lt\/wp-json\/wp\/v2\/pages\/379\/revisions\/859"}],"wp:attachment":[{"href":"https:\/\/agrologistika.eu\/lt\/wp-json\/wp\/v2\/media?parent=379"}],"curies":[{"name":"wp","href":"https:\/\/api.w.org\/{rel}","templated":true}]}}