{"id":745,"date":"2025-06-16T07:29:21","date_gmt":"2025-06-16T04:29:21","guid":{"rendered":"https:\/\/agrologistika.eu\/paslaugos\/parduodama-transporto-iranga\/"},"modified":"2025-09-17T09:33:17","modified_gmt":"2025-09-17T06:33:17","slug":"parduodami-vilkikai-ir-puspriekabes","status":"publish","type":"page","link":"https:\/\/agrologistika.eu\/lt\/paslaugos\/parduodami-vilkikai-ir-puspriekabes\/","title":{"rendered":"Parduodami vilkikai ir puspriekab\u0117s"},"content":{"rendered":"","protected":false},"excerpt":{"rendered":"","protected":false},"author":1,"featured_media":0,"parent":735,"menu_order":0,"comment_status":"closed","ping_status":"closed","template":"template-transport-equipment-for-sale.php","meta":{"_acf_changed":false,"footnotes":""},"class_list":["post-745","page","type-page","status-publish","hentry"],"acf":[],"yoast_head":"<!-- This site is optimized with the Yoast SEO plugin v27.2 - https:\/\/yoast.com\/product\/yoast-seo-wordpress\/ -->\n<title>Parduodami vilkikai ir puspriekab\u0117s - Agrologistika<\/title>\n<meta name=\"description\" content=\"Reguliariai atnaujiname savo automobili\u0173 park\u0105, si\u016blydami patikimus naudotus VOLVO ir Mercedes-Benz (MB) sunkve\u017eimius bei atskirai SCHMITZ ir KRONE puspriekabes.\" \/>\n<meta name=\"robots\" content=\"index, follow, max-snippet:-1, max-image-preview:large, max-video-preview:-1\" \/>\n<link rel=\"canonical\" href=\"https:\/\/agrologistika.eu\/services\/trucks-and-trailers-for-sale\/\" \/>\n<meta property=\"og:locale\" content=\"lt_LT\" \/>\n<meta property=\"og:type\" content=\"article\" \/>\n<meta property=\"og:title\" content=\"Parduodami vilkikai ir puspriekab\u0117s - Agrologistika\" \/>\n<meta property=\"og:description\" content=\"Reguliariai atnaujiname savo automobili\u0173 park\u0105, si\u016blydami patikimus naudotus VOLVO ir Mercedes-Benz (MB) sunkve\u017eimius bei atskirai SCHMITZ ir KRONE puspriekabes.\" \/>\n<meta property=\"og:url\" content=\"https:\/\/agrologistika.eu\/services\/trucks-and-trailers-for-sale\/\" \/>\n<meta property=\"og:site_name\" content=\"Agrologistika\" \/>\n<meta property=\"article:publisher\" content=\"https:\/\/www.facebook.com\/p\/Agrologistika-100063669754269\/\" \/>\n<meta property=\"article:modified_time\" content=\"2025-09-17T06:33:17+00:00\" \/>\n<meta name=\"twitter:card\" content=\"summary_large_image\" \/>\n<script type=\"application\/ld+json\" class=\"yoast-schema-graph\">{\"@context\":\"https:\/\/schema.org\",\"@graph\":[{\"@type\":\"WebPage\",\"@id\":\"https:\/\/agrologistika.eu\/services\/trucks-and-trailers-for-sale\/\",\"url\":\"https:\/\/agrologistika.eu\/services\/trucks-and-trailers-for-sale\/\",\"name\":\"Parduodami vilkikai ir puspriekab\u0117s - Agrologistika\",\"isPartOf\":{\"@id\":\"https:\/\/agrologistika.eu\/#website\"},\"datePublished\":\"2025-06-16T04:29:21+00:00\",\"dateModified\":\"2025-09-17T06:33:17+00:00\",\"description\":\"Reguliariai atnaujiname savo automobili\u0173 park\u0105, si\u016blydami patikimus naudotus VOLVO ir Mercedes-Benz (MB) sunkve\u017eimius bei atskirai SCHMITZ ir KRONE puspriekabes.\",\"breadcrumb\":{\"@id\":\"https:\/\/agrologistika.eu\/services\/trucks-and-trailers-for-sale\/#breadcrumb\"},\"inLanguage\":\"lt-LT\",\"potentialAction\":[{\"@type\":\"ReadAction\",\"target\":[\"https:\/\/agrologistika.eu\/services\/trucks-and-trailers-for-sale\/\"]}]},{\"@type\":\"BreadcrumbList\",\"@id\":\"https:\/\/agrologistika.eu\/services\/trucks-and-trailers-for-sale\/#breadcrumb\",\"itemListElement\":[{\"@type\":\"ListItem\",\"position\":1,\"name\":\"Home\",\"item\":\"https:\/\/agrologistika.eu\/lt\/\"},{\"@type\":\"ListItem\",\"position\":2,\"name\":\"Paslaugos\",\"item\":\"https:\/\/agrologistika.eu\/services\/\"},{\"@type\":\"ListItem\",\"position\":3,\"name\":\"Parduodami vilkikai ir puspriekab\u0117s\"}]},{\"@type\":\"WebSite\",\"@id\":\"https:\/\/agrologistika.eu\/#website\",\"url\":\"https:\/\/agrologistika.eu\/\",\"name\":\"Agrologistika\",\"description\":\"\",\"publisher\":{\"@id\":\"https:\/\/agrologistika.eu\/#organization\"},\"potentialAction\":[{\"@type\":\"SearchAction\",\"target\":{\"@type\":\"EntryPoint\",\"urlTemplate\":\"https:\/\/agrologistika.eu\/?s={search_term_string}\"},\"query-input\":{\"@type\":\"PropertyValueSpecification\",\"valueRequired\":true,\"valueName\":\"search_term_string\"}}],\"inLanguage\":\"lt-LT\"},{\"@type\":\"Organization\",\"@id\":\"https:\/\/agrologistika.eu\/#organization\",\"name\":\"Agrologistika\",\"url\":\"https:\/\/agrologistika.eu\/\",\"logo\":{\"@type\":\"ImageObject\",\"inLanguage\":\"lt-LT\",\"@id\":\"https:\/\/agrologistika.eu\/#\/schema\/logo\/image\/\",\"url\":\"https:\/\/agrologistika.eu\/wp-content\/uploads\/2025\/06\/cropped-f0868e5e45f7c4df28c2803b2316a932e2bbb3c4.png\",\"contentUrl\":\"https:\/\/agrologistika.eu\/wp-content\/uploads\/2025\/06\/cropped-f0868e5e45f7c4df28c2803b2316a932e2bbb3c4.png\",\"width\":973,\"height\":144,\"caption\":\"Agrologistika\"},\"image\":{\"@id\":\"https:\/\/agrologistika.eu\/#\/schema\/logo\/image\/\"},\"sameAs\":[\"https:\/\/www.facebook.com\/p\/Agrologistika-100063669754269\/\",\"https:\/\/www.linkedin.com\/company\/agrologistika\/\"]}]}<\/script>\n<!-- \/ Yoast SEO plugin. -->","yoast_head_json":{"title":"Parduodami vilkikai ir puspriekab\u0117s - Agrologistika","description":"Reguliariai atnaujiname savo automobili\u0173 park\u0105, si\u016blydami patikimus naudotus VOLVO ir Mercedes-Benz (MB) sunkve\u017eimius bei atskirai SCHMITZ ir KRONE puspriekabes.","robots":{"index":"index","follow":"follow","max-snippet":"max-snippet:-1","max-image-preview":"max-image-preview:large","max-video-preview":"max-video-preview:-1"},"canonical":"https:\/\/agrologistika.eu\/services\/trucks-and-trailers-for-sale\/","og_locale":"lt_LT","og_type":"article","og_title":"Parduodami vilkikai ir puspriekab\u0117s - Agrologistika","og_description":"Reguliariai atnaujiname savo automobili\u0173 park\u0105, si\u016blydami patikimus naudotus VOLVO ir Mercedes-Benz (MB) sunkve\u017eimius bei atskirai SCHMITZ ir KRONE puspriekabes.","og_url":"https:\/\/agrologistika.eu\/services\/trucks-and-trailers-for-sale\/","og_site_name":"Agrologistika","article_publisher":"https:\/\/www.facebook.com\/p\/Agrologistika-100063669754269\/","article_modified_time":"2025-09-17T06:33:17+00:00","twitter_card":"summary_large_image","schema":{"@context":"https:\/\/schema.org","@graph":[{"@type":"WebPage","@id":"https:\/\/agrologistika.eu\/services\/trucks-and-trailers-for-sale\/","url":"https:\/\/agrologistika.eu\/services\/trucks-and-trailers-for-sale\/","name":"Parduodami vilkikai ir puspriekab\u0117s - Agrologistika","isPartOf":{"@id":"https:\/\/agrologistika.eu\/#website"},"datePublished":"2025-06-16T04:29:21+00:00","dateModified":"2025-09-17T06:33:17+00:00","description":"Reguliariai atnaujiname savo automobili\u0173 park\u0105, si\u016blydami patikimus naudotus VOLVO ir Mercedes-Benz (MB) sunkve\u017eimius bei atskirai SCHMITZ ir KRONE puspriekabes.","breadcrumb":{"@id":"https:\/\/agrologistika.eu\/services\/trucks-and-trailers-for-sale\/#breadcrumb"},"inLanguage":"lt-LT","potentialAction":[{"@type":"ReadAction","target":["https:\/\/agrologistika.eu\/services\/trucks-and-trailers-for-sale\/"]}]},{"@type":"BreadcrumbList","@id":"https:\/\/agrologistika.eu\/services\/trucks-and-trailers-for-sale\/#breadcrumb","itemListElement":[{"@type":"ListItem","position":1,"name":"Home","item":"https:\/\/agrologistika.eu\/lt\/"},{"@type":"ListItem","position":2,"name":"Paslaugos","item":"https:\/\/agrologistika.eu\/services\/"},{"@type":"ListItem","position":3,"name":"Parduodami vilkikai ir puspriekab\u0117s"}]},{"@type":"WebSite","@id":"https:\/\/agrologistika.eu\/#website","url":"https:\/\/agrologistika.eu\/","name":"Agrologistika","description":"","publisher":{"@id":"https:\/\/agrologistika.eu\/#organization"},"potentialAction":[{"@type":"SearchAction","target":{"@type":"EntryPoint","urlTemplate":"https:\/\/agrologistika.eu\/?s={search_term_string}"},"query-input":{"@type":"PropertyValueSpecification","valueRequired":true,"valueName":"search_term_string"}}],"inLanguage":"lt-LT"},{"@type":"Organization","@id":"https:\/\/agrologistika.eu\/#organization","name":"Agrologistika","url":"https:\/\/agrologistika.eu\/","logo":{"@type":"ImageObject","inLanguage":"lt-LT","@id":"https:\/\/agrologistika.eu\/#\/schema\/logo\/image\/","url":"https:\/\/agrologistika.eu\/wp-content\/uploads\/2025\/06\/cropped-f0868e5e45f7c4df28c2803b2316a932e2bbb3c4.png","contentUrl":"https:\/\/agrologistika.eu\/wp-content\/uploads\/2025\/06\/cropped-f0868e5e45f7c4df28c2803b2316a932e2bbb3c4.png","width":973,"height":144,"caption":"Agrologistika"},"image":{"@id":"https:\/\/agrologistika.eu\/#\/schema\/logo\/image\/"},"sameAs":["https:\/\/www.facebook.com\/p\/Agrologistika-100063669754269\/","https:\/\/www.linkedin.com\/company\/agrologistika\/"]}]}},"_links":{"self":[{"href":"https:\/\/agrologistika.eu\/lt\/wp-json\/wp\/v2\/pages\/745","targetHints":{"allow":["GET"]}}],"collection":[{"href":"https:\/\/agrologistika.eu\/lt\/wp-json\/wp\/v2\/pages"}],"about":[{"href":"https:\/\/agrologistika.eu\/lt\/wp-json\/wp\/v2\/types\/page"}],"author":[{"embeddable":true,"href":"https:\/\/agrologistika.eu\/lt\/wp-json\/wp\/v2\/users\/1"}],"replies":[{"embeddable":true,"href":"https:\/\/agrologistika.eu\/lt\/wp-json\/wp\/v2\/comments?post=745"}],"version-history":[{"count":3,"href":"https:\/\/agrologistika.eu\/lt\/wp-json\/wp\/v2\/pages\/745\/revisions"}],"predecessor-version":[{"id":908,"href":"https:\/\/agrologistika.eu\/lt\/wp-json\/wp\/v2\/pages\/745\/revisions\/908"}],"up":[{"embeddable":true,"href":"https:\/\/agrologistika.eu\/lt\/wp-json\/wp\/v2\/pages\/735"}],"wp:attachment":[{"href":"https:\/\/agrologistika.eu\/lt\/wp-json\/wp\/v2\/media?parent=745"}],"curies":[{"name":"wp","href":"https:\/\/api.w.org\/{rel}","templated":true}]}}