{"id":756,"date":"2025-06-16T07:30:50","date_gmt":"2025-06-16T04:30:50","guid":{"rendered":"https:\/\/agrologistika.eu\/karjera\/"},"modified":"2025-09-17T08:57:11","modified_gmt":"2025-09-17T05:57:11","slug":"karjera","status":"publish","type":"page","link":"https:\/\/agrologistika.eu\/lt\/karjera\/","title":{"rendered":"Karjera"},"content":{"rendered":"","protected":false},"excerpt":{"rendered":"","protected":false},"author":1,"featured_media":0,"parent":0,"menu_order":0,"comment_status":"closed","ping_status":"closed","template":"template-career.php","meta":{"_acf_changed":false,"footnotes":""},"class_list":["post-756","page","type-page","status-publish","hentry"],"acf":[],"yoast_head":"<!-- This site is optimized with the Yoast SEO plugin v27.4 - https:\/\/yoast.com\/product\/yoast-seo-wordpress\/ -->\n<title>Tolim\u0173j\u0173 reis\u0173 vairuotojo darbai Europoje | Kandidatuokite \u0161iandien<\/title>\n<meta name=\"description\" content=\"Tolim\u0173j\u0173 reis\u0173 vairuotojo darbai visoje Europoje. Kandidatuokite \u0161iandien \u2013 stabil\u016bs mar\u0161rutai, konkurencingas atlyginimas.\" \/>\n<meta name=\"robots\" content=\"index, follow, max-snippet:-1, max-image-preview:large, max-video-preview:-1\" \/>\n<link rel=\"canonical\" href=\"https:\/\/agrologistika.eu\/career\/\" \/>\n<meta property=\"og:locale\" content=\"lt_LT\" \/>\n<meta property=\"og:type\" content=\"article\" \/>\n<meta property=\"og:title\" content=\"Tolim\u0173j\u0173 reis\u0173 vairuotojo darbai Europoje | Kandidatuokite \u0161iandien\" \/>\n<meta property=\"og:description\" content=\"Tolim\u0173j\u0173 reis\u0173 vairuotojo darbai visoje Europoje. Kandidatuokite \u0161iandien \u2013 stabil\u016bs mar\u0161rutai, konkurencingas atlyginimas.\" \/>\n<meta property=\"og:url\" content=\"https:\/\/agrologistika.eu\/career\/\" \/>\n<meta property=\"og:site_name\" content=\"Agrologistika\" \/>\n<meta property=\"article:publisher\" content=\"https:\/\/www.facebook.com\/p\/Agrologistika-100063669754269\/\" \/>\n<meta property=\"article:modified_time\" content=\"2025-09-17T05:57:11+00:00\" \/>\n<meta name=\"twitter:card\" content=\"summary_large_image\" \/>\n<script type=\"application\/ld+json\" class=\"yoast-schema-graph\">{\"@context\":\"https:\\\/\\\/schema.org\",\"@graph\":[{\"@type\":\"WebPage\",\"@id\":\"https:\\\/\\\/agrologistika.eu\\\/career\\\/\",\"url\":\"https:\\\/\\\/agrologistika.eu\\\/career\\\/\",\"name\":\"Tolim\u0173j\u0173 reis\u0173 vairuotojo darbai Europoje | Kandidatuokite \u0161iandien\",\"isPartOf\":{\"@id\":\"https:\\\/\\\/agrologistika.eu\\\/#website\"},\"datePublished\":\"2025-06-16T04:30:50+00:00\",\"dateModified\":\"2025-09-17T05:57:11+00:00\",\"description\":\"Tolim\u0173j\u0173 reis\u0173 vairuotojo darbai visoje Europoje. Kandidatuokite \u0161iandien \u2013 stabil\u016bs mar\u0161rutai, konkurencingas atlyginimas.\",\"breadcrumb\":{\"@id\":\"https:\\\/\\\/agrologistika.eu\\\/career\\\/#breadcrumb\"},\"inLanguage\":\"lt-LT\",\"potentialAction\":[{\"@type\":\"ReadAction\",\"target\":[\"https:\\\/\\\/agrologistika.eu\\\/career\\\/\"]}]},{\"@type\":\"BreadcrumbList\",\"@id\":\"https:\\\/\\\/agrologistika.eu\\\/career\\\/#breadcrumb\",\"itemListElement\":[{\"@type\":\"ListItem\",\"position\":1,\"name\":\"Home\",\"item\":\"https:\\\/\\\/agrologistika.eu\\\/lt\\\/\"},{\"@type\":\"ListItem\",\"position\":2,\"name\":\"Karjera\"}]},{\"@type\":\"WebSite\",\"@id\":\"https:\\\/\\\/agrologistika.eu\\\/#website\",\"url\":\"https:\\\/\\\/agrologistika.eu\\\/\",\"name\":\"Agrologistika\",\"description\":\"\",\"publisher\":{\"@id\":\"https:\\\/\\\/agrologistika.eu\\\/#organization\"},\"potentialAction\":[{\"@type\":\"SearchAction\",\"target\":{\"@type\":\"EntryPoint\",\"urlTemplate\":\"https:\\\/\\\/agrologistika.eu\\\/?s={search_term_string}\"},\"query-input\":{\"@type\":\"PropertyValueSpecification\",\"valueRequired\":true,\"valueName\":\"search_term_string\"}}],\"inLanguage\":\"lt-LT\"},{\"@type\":\"Organization\",\"@id\":\"https:\\\/\\\/agrologistika.eu\\\/#organization\",\"name\":\"Agrologistika\",\"url\":\"https:\\\/\\\/agrologistika.eu\\\/\",\"logo\":{\"@type\":\"ImageObject\",\"inLanguage\":\"lt-LT\",\"@id\":\"https:\\\/\\\/agrologistika.eu\\\/#\\\/schema\\\/logo\\\/image\\\/\",\"url\":\"https:\\\/\\\/agrologistika.eu\\\/wp-content\\\/uploads\\\/2025\\\/06\\\/cropped-f0868e5e45f7c4df28c2803b2316a932e2bbb3c4.png\",\"contentUrl\":\"https:\\\/\\\/agrologistika.eu\\\/wp-content\\\/uploads\\\/2025\\\/06\\\/cropped-f0868e5e45f7c4df28c2803b2316a932e2bbb3c4.png\",\"width\":973,\"height\":144,\"caption\":\"Agrologistika\"},\"image\":{\"@id\":\"https:\\\/\\\/agrologistika.eu\\\/#\\\/schema\\\/logo\\\/image\\\/\"},\"sameAs\":[\"https:\\\/\\\/www.facebook.com\\\/p\\\/Agrologistika-100063669754269\\\/\",\"https:\\\/\\\/www.linkedin.com\\\/company\\\/agrologistika\\\/\"]}]}<\/script>\n<!-- \/ Yoast SEO plugin. -->","yoast_head_json":{"title":"Tolim\u0173j\u0173 reis\u0173 vairuotojo darbai Europoje | Kandidatuokite \u0161iandien","description":"Tolim\u0173j\u0173 reis\u0173 vairuotojo darbai visoje Europoje. Kandidatuokite \u0161iandien \u2013 stabil\u016bs mar\u0161rutai, konkurencingas atlyginimas.","robots":{"index":"index","follow":"follow","max-snippet":"max-snippet:-1","max-image-preview":"max-image-preview:large","max-video-preview":"max-video-preview:-1"},"canonical":"https:\/\/agrologistika.eu\/career\/","og_locale":"lt_LT","og_type":"article","og_title":"Tolim\u0173j\u0173 reis\u0173 vairuotojo darbai Europoje | Kandidatuokite \u0161iandien","og_description":"Tolim\u0173j\u0173 reis\u0173 vairuotojo darbai visoje Europoje. Kandidatuokite \u0161iandien \u2013 stabil\u016bs mar\u0161rutai, konkurencingas atlyginimas.","og_url":"https:\/\/agrologistika.eu\/career\/","og_site_name":"Agrologistika","article_publisher":"https:\/\/www.facebook.com\/p\/Agrologistika-100063669754269\/","article_modified_time":"2025-09-17T05:57:11+00:00","twitter_card":"summary_large_image","schema":{"@context":"https:\/\/schema.org","@graph":[{"@type":"WebPage","@id":"https:\/\/agrologistika.eu\/career\/","url":"https:\/\/agrologistika.eu\/career\/","name":"Tolim\u0173j\u0173 reis\u0173 vairuotojo darbai Europoje | Kandidatuokite \u0161iandien","isPartOf":{"@id":"https:\/\/agrologistika.eu\/#website"},"datePublished":"2025-06-16T04:30:50+00:00","dateModified":"2025-09-17T05:57:11+00:00","description":"Tolim\u0173j\u0173 reis\u0173 vairuotojo darbai visoje Europoje. Kandidatuokite \u0161iandien \u2013 stabil\u016bs mar\u0161rutai, konkurencingas atlyginimas.","breadcrumb":{"@id":"https:\/\/agrologistika.eu\/career\/#breadcrumb"},"inLanguage":"lt-LT","potentialAction":[{"@type":"ReadAction","target":["https:\/\/agrologistika.eu\/career\/"]}]},{"@type":"BreadcrumbList","@id":"https:\/\/agrologistika.eu\/career\/#breadcrumb","itemListElement":[{"@type":"ListItem","position":1,"name":"Home","item":"https:\/\/agrologistika.eu\/lt\/"},{"@type":"ListItem","position":2,"name":"Karjera"}]},{"@type":"WebSite","@id":"https:\/\/agrologistika.eu\/#website","url":"https:\/\/agrologistika.eu\/","name":"Agrologistika","description":"","publisher":{"@id":"https:\/\/agrologistika.eu\/#organization"},"potentialAction":[{"@type":"SearchAction","target":{"@type":"EntryPoint","urlTemplate":"https:\/\/agrologistika.eu\/?s={search_term_string}"},"query-input":{"@type":"PropertyValueSpecification","valueRequired":true,"valueName":"search_term_string"}}],"inLanguage":"lt-LT"},{"@type":"Organization","@id":"https:\/\/agrologistika.eu\/#organization","name":"Agrologistika","url":"https:\/\/agrologistika.eu\/","logo":{"@type":"ImageObject","inLanguage":"lt-LT","@id":"https:\/\/agrologistika.eu\/#\/schema\/logo\/image\/","url":"https:\/\/agrologistika.eu\/wp-content\/uploads\/2025\/06\/cropped-f0868e5e45f7c4df28c2803b2316a932e2bbb3c4.png","contentUrl":"https:\/\/agrologistika.eu\/wp-content\/uploads\/2025\/06\/cropped-f0868e5e45f7c4df28c2803b2316a932e2bbb3c4.png","width":973,"height":144,"caption":"Agrologistika"},"image":{"@id":"https:\/\/agrologistika.eu\/#\/schema\/logo\/image\/"},"sameAs":["https:\/\/www.facebook.com\/p\/Agrologistika-100063669754269\/","https:\/\/www.linkedin.com\/company\/agrologistika\/"]}]}},"_links":{"self":[{"href":"https:\/\/agrologistika.eu\/lt\/wp-json\/wp\/v2\/pages\/756","targetHints":{"allow":["GET"]}}],"collection":[{"href":"https:\/\/agrologistika.eu\/lt\/wp-json\/wp\/v2\/pages"}],"about":[{"href":"https:\/\/agrologistika.eu\/lt\/wp-json\/wp\/v2\/types\/page"}],"author":[{"embeddable":true,"href":"https:\/\/agrologistika.eu\/lt\/wp-json\/wp\/v2\/users\/1"}],"replies":[{"embeddable":true,"href":"https:\/\/agrologistika.eu\/lt\/wp-json\/wp\/v2\/comments?post=756"}],"version-history":[{"count":1,"href":"https:\/\/agrologistika.eu\/lt\/wp-json\/wp\/v2\/pages\/756\/revisions"}],"predecessor-version":[{"id":789,"href":"https:\/\/agrologistika.eu\/lt\/wp-json\/wp\/v2\/pages\/756\/revisions\/789"}],"wp:attachment":[{"href":"https:\/\/agrologistika.eu\/lt\/wp-json\/wp\/v2\/media?parent=756"}],"curies":[{"name":"wp","href":"https:\/\/api.w.org\/{rel}","templated":true}]}}