{"id":773,"date":"2025-06-16T07:31:24","date_gmt":"2025-06-16T07:31:24","guid":{"rendered":"https:\/\/agrologistika.eu\/privatumo-politika\/"},"modified":"2025-09-04T05:26:19","modified_gmt":"2025-09-04T05:26:19","slug":"privatumo-politika","status":"publish","type":"page","link":"https:\/\/agrologistika.eu\/lt\/privatumo-politika\/","title":{"rendered":"Privatumo Politika"},"content":{"rendered":"<p class=\"\" data-start=\"322\" data-end=\"420\">\u0160i privatumo politika paai\u0161kina, kaip yra tvarkomi J\u016bs\u0173 asmens duomenys naudojantis m\u016bs\u0173 svetaine.<\/p>\n<h3 class=\"\" data-start=\"422\" data-end=\"445\">1. Duomen\u0173 rinkimas<\/h3>\n<p class=\"\" data-start=\"447\" data-end=\"580\">M\u016bs\u0173 svetain\u0117s <strong><a id=\"slapukai-link\" href=\"#\">slapukai<\/a><\/strong><\/p>\n<p><script>\n  document.getElementById(\"slapukai-link\").addEventListener(\"click\", function(e) {\n    e.preventDefault();\n    document.querySelector(\".cky-btn-revisit\").click();\n  });\n<\/script><\/p>\n<h3 class=\"\" data-start=\"582\" data-end=\"603\">2. Kontakt\u0173 forma<\/h3>\n<p class=\"\" data-start=\"605\" data-end=\"695\">Svetain\u0117je yra pateikta kontakt\u0173 forma, kurios tikslas \u2013 leisti Jums susisiekti su mumis.<\/p>\n<p class=\"\" data-start=\"699\" data-end=\"825\">Kontakt\u0173 formoje pateikti duomenys (pvz., vardas, el. pa\u0161to adresas, \u017einut\u0117s turinys) <strong data-start=\"785\" data-end=\"801\">n\u0117ra saugomi<\/strong> jokiose duomen\u0173 baz\u0117se.<\/p>\n<p class=\"\" data-start=\"828\" data-end=\"915\">J\u016bs\u0173 pateikta informacija <strong data-start=\"854\" data-end=\"871\">naudojama tik<\/strong> tam, kad gal\u0117tume atsakyti \u012f J\u016bs\u0173 u\u017eklaus\u0105.<\/p>\n<p class=\"\" data-start=\"918\" data-end=\"1049\">J\u016bs\u0173 duomenys <strong data-start=\"932\" data-end=\"970\">n\u0117ra perduodami tre\u010diosioms \u0161alims<\/strong>, <strong data-start=\"972\" data-end=\"1001\">n\u0117ra naudojami rinkodarai<\/strong>, ir <strong data-start=\"1006\" data-end=\"1023\">n\u0117ra kaupiami<\/strong> jokiems kitiems tikslams.<\/p>\n<h3 class=\"\" data-start=\"1051\" data-end=\"1074\">3. Duomen\u0173 saugumas<\/h3>\n<p class=\"\" data-start=\"1076\" data-end=\"1295\">Nors mes nerenkame ir nesaugome J\u016bs\u0173 asmens duomen\u0173, imam\u0117s pagr\u012fst\u0173 technini\u0173 ir organizacini\u0173 priemoni\u0173 u\u017etikrinti, kad J\u016bs\u0173 pateikta informacija kontakt\u0173 formoje b\u016bt\u0173 apsaugota nuo neteis\u0117to naudojimo ar atskleidimo.<\/p>\n<h3 class=\"\" data-start=\"1719\" data-end=\"1735\">4. Kontaktai<\/h3>\n<p class=\"\" data-start=\"1737\" data-end=\"1859\">Jeigu turite klausim\u0173 d\u0117l privatumo politikos ar savo duomen\u0173, susisiekite.<\/p>\n","protected":false},"excerpt":{"rendered":"<p>\u0160i privatumo politika paai\u0161kina, kaip yra tvarkomi J\u016bs\u0173 asmens duomenys naudojantis m\u016bs\u0173 svetaine. 1. Duomen\u0173 rinkimas M\u016bs\u0173 svetain\u0117s slapukai 2. Kontakt\u0173 forma Svetain\u0117je yra pateikta kontakt\u0173 forma, kurios tikslas \u2013 leisti Jums susisiekti su mumis. Kontakt\u0173 formoje pateikti duomenys (pvz., vardas, el. pa\u0161to adresas, \u017einut\u0117s turinys) n\u0117ra saugomi jokiose duomen\u0173 baz\u0117se. J\u016bs\u0173 pateikta informacija naudojama [&hellip;]<\/p>\n","protected":false},"author":1,"featured_media":0,"parent":0,"menu_order":0,"comment_status":"closed","ping_status":"closed","template":"","meta":{"_acf_changed":false,"footnotes":""},"class_list":["post-773","page","type-page","status-publish","hentry"],"acf":[],"yoast_head":"<!-- This site is optimized with the Yoast SEO plugin v27.2 - https:\/\/yoast.com\/product\/yoast-seo-wordpress\/ -->\n<title>Privatumo Politika - Agrologistika<\/title>\n<meta name=\"robots\" content=\"index, follow, max-snippet:-1, max-image-preview:large, max-video-preview:-1\" \/>\n<link rel=\"canonical\" href=\"https:\/\/agrologistika.eu\/privacy-policy\/\" \/>\n<meta property=\"og:locale\" content=\"lt_LT\" \/>\n<meta property=\"og:type\" content=\"article\" \/>\n<meta property=\"og:title\" content=\"Privatumo Politika - Agrologistika\" \/>\n<meta property=\"og:description\" content=\"\u0160i privatumo politika paai\u0161kina, kaip yra tvarkomi J\u016bs\u0173 asmens duomenys naudojantis m\u016bs\u0173 svetaine. 1. Duomen\u0173 rinkimas M\u016bs\u0173 svetain\u0117s slapukai 2. Kontakt\u0173 forma Svetain\u0117je yra pateikta kontakt\u0173 forma, kurios tikslas \u2013 leisti Jums susisiekti su mumis. Kontakt\u0173 formoje pateikti duomenys (pvz., vardas, el. pa\u0161to adresas, \u017einut\u0117s turinys) n\u0117ra saugomi jokiose duomen\u0173 baz\u0117se. J\u016bs\u0173 pateikta informacija naudojama [&hellip;]\" \/>\n<meta property=\"og:url\" content=\"https:\/\/agrologistika.eu\/privacy-policy\/\" \/>\n<meta property=\"og:site_name\" content=\"Agrologistika\" \/>\n<meta property=\"article:publisher\" content=\"https:\/\/www.facebook.com\/p\/Agrologistika-100063669754269\/\" \/>\n<meta property=\"article:modified_time\" content=\"2025-09-04T05:26:19+00:00\" \/>\n<meta name=\"twitter:card\" content=\"summary_large_image\" \/>\n<meta name=\"twitter:label1\" content=\"Est. reading time\" \/>\n\t<meta name=\"twitter:data1\" content=\"1 minut\u0117\" \/>\n<script type=\"application\/ld+json\" class=\"yoast-schema-graph\">{\"@context\":\"https:\/\/schema.org\",\"@graph\":[{\"@type\":\"WebPage\",\"@id\":\"https:\/\/agrologistika.eu\/privacy-policy\/\",\"url\":\"https:\/\/agrologistika.eu\/privacy-policy\/\",\"name\":\"Privatumo Politika - Agrologistika\",\"isPartOf\":{\"@id\":\"https:\/\/agrologistika.eu\/#website\"},\"datePublished\":\"2025-06-16T07:31:24+00:00\",\"dateModified\":\"2025-09-04T05:26:19+00:00\",\"breadcrumb\":{\"@id\":\"https:\/\/agrologistika.eu\/privacy-policy\/#breadcrumb\"},\"inLanguage\":\"lt-LT\",\"potentialAction\":[{\"@type\":\"ReadAction\",\"target\":[\"https:\/\/agrologistika.eu\/privacy-policy\/\"]}]},{\"@type\":\"BreadcrumbList\",\"@id\":\"https:\/\/agrologistika.eu\/privacy-policy\/#breadcrumb\",\"itemListElement\":[{\"@type\":\"ListItem\",\"position\":1,\"name\":\"Home\",\"item\":\"https:\/\/agrologistika.eu\/lt\/\"},{\"@type\":\"ListItem\",\"position\":2,\"name\":\"Privatumo Politika\"}]},{\"@type\":\"WebSite\",\"@id\":\"https:\/\/agrologistika.eu\/#website\",\"url\":\"https:\/\/agrologistika.eu\/\",\"name\":\"Agrologistika\",\"description\":\"\",\"publisher\":{\"@id\":\"https:\/\/agrologistika.eu\/#organization\"},\"potentialAction\":[{\"@type\":\"SearchAction\",\"target\":{\"@type\":\"EntryPoint\",\"urlTemplate\":\"https:\/\/agrologistika.eu\/?s={search_term_string}\"},\"query-input\":{\"@type\":\"PropertyValueSpecification\",\"valueRequired\":true,\"valueName\":\"search_term_string\"}}],\"inLanguage\":\"lt-LT\"},{\"@type\":\"Organization\",\"@id\":\"https:\/\/agrologistika.eu\/#organization\",\"name\":\"Agrologistika\",\"url\":\"https:\/\/agrologistika.eu\/\",\"logo\":{\"@type\":\"ImageObject\",\"inLanguage\":\"lt-LT\",\"@id\":\"https:\/\/agrologistika.eu\/#\/schema\/logo\/image\/\",\"url\":\"https:\/\/agrologistika.eu\/wp-content\/uploads\/2025\/06\/cropped-f0868e5e45f7c4df28c2803b2316a932e2bbb3c4.png\",\"contentUrl\":\"https:\/\/agrologistika.eu\/wp-content\/uploads\/2025\/06\/cropped-f0868e5e45f7c4df28c2803b2316a932e2bbb3c4.png\",\"width\":973,\"height\":144,\"caption\":\"Agrologistika\"},\"image\":{\"@id\":\"https:\/\/agrologistika.eu\/#\/schema\/logo\/image\/\"},\"sameAs\":[\"https:\/\/www.facebook.com\/p\/Agrologistika-100063669754269\/\",\"https:\/\/www.linkedin.com\/company\/agrologistika\/\"]}]}<\/script>\n<!-- \/ Yoast SEO plugin. -->","yoast_head_json":{"title":"Privatumo Politika - Agrologistika","robots":{"index":"index","follow":"follow","max-snippet":"max-snippet:-1","max-image-preview":"max-image-preview:large","max-video-preview":"max-video-preview:-1"},"canonical":"https:\/\/agrologistika.eu\/privacy-policy\/","og_locale":"lt_LT","og_type":"article","og_title":"Privatumo Politika - Agrologistika","og_description":"\u0160i privatumo politika paai\u0161kina, kaip yra tvarkomi J\u016bs\u0173 asmens duomenys naudojantis m\u016bs\u0173 svetaine. 1. Duomen\u0173 rinkimas M\u016bs\u0173 svetain\u0117s slapukai 2. Kontakt\u0173 forma Svetain\u0117je yra pateikta kontakt\u0173 forma, kurios tikslas \u2013 leisti Jums susisiekti su mumis. Kontakt\u0173 formoje pateikti duomenys (pvz., vardas, el. pa\u0161to adresas, \u017einut\u0117s turinys) n\u0117ra saugomi jokiose duomen\u0173 baz\u0117se. J\u016bs\u0173 pateikta informacija naudojama [&hellip;]","og_url":"https:\/\/agrologistika.eu\/privacy-policy\/","og_site_name":"Agrologistika","article_publisher":"https:\/\/www.facebook.com\/p\/Agrologistika-100063669754269\/","article_modified_time":"2025-09-04T05:26:19+00:00","twitter_card":"summary_large_image","twitter_misc":{"Est. reading time":"1 minut\u0117"},"schema":{"@context":"https:\/\/schema.org","@graph":[{"@type":"WebPage","@id":"https:\/\/agrologistika.eu\/privacy-policy\/","url":"https:\/\/agrologistika.eu\/privacy-policy\/","name":"Privatumo Politika - Agrologistika","isPartOf":{"@id":"https:\/\/agrologistika.eu\/#website"},"datePublished":"2025-06-16T07:31:24+00:00","dateModified":"2025-09-04T05:26:19+00:00","breadcrumb":{"@id":"https:\/\/agrologistika.eu\/privacy-policy\/#breadcrumb"},"inLanguage":"lt-LT","potentialAction":[{"@type":"ReadAction","target":["https:\/\/agrologistika.eu\/privacy-policy\/"]}]},{"@type":"BreadcrumbList","@id":"https:\/\/agrologistika.eu\/privacy-policy\/#breadcrumb","itemListElement":[{"@type":"ListItem","position":1,"name":"Home","item":"https:\/\/agrologistika.eu\/lt\/"},{"@type":"ListItem","position":2,"name":"Privatumo Politika"}]},{"@type":"WebSite","@id":"https:\/\/agrologistika.eu\/#website","url":"https:\/\/agrologistika.eu\/","name":"Agrologistika","description":"","publisher":{"@id":"https:\/\/agrologistika.eu\/#organization"},"potentialAction":[{"@type":"SearchAction","target":{"@type":"EntryPoint","urlTemplate":"https:\/\/agrologistika.eu\/?s={search_term_string}"},"query-input":{"@type":"PropertyValueSpecification","valueRequired":true,"valueName":"search_term_string"}}],"inLanguage":"lt-LT"},{"@type":"Organization","@id":"https:\/\/agrologistika.eu\/#organization","name":"Agrologistika","url":"https:\/\/agrologistika.eu\/","logo":{"@type":"ImageObject","inLanguage":"lt-LT","@id":"https:\/\/agrologistika.eu\/#\/schema\/logo\/image\/","url":"https:\/\/agrologistika.eu\/wp-content\/uploads\/2025\/06\/cropped-f0868e5e45f7c4df28c2803b2316a932e2bbb3c4.png","contentUrl":"https:\/\/agrologistika.eu\/wp-content\/uploads\/2025\/06\/cropped-f0868e5e45f7c4df28c2803b2316a932e2bbb3c4.png","width":973,"height":144,"caption":"Agrologistika"},"image":{"@id":"https:\/\/agrologistika.eu\/#\/schema\/logo\/image\/"},"sameAs":["https:\/\/www.facebook.com\/p\/Agrologistika-100063669754269\/","https:\/\/www.linkedin.com\/company\/agrologistika\/"]}]}},"_links":{"self":[{"href":"https:\/\/agrologistika.eu\/lt\/wp-json\/wp\/v2\/pages\/773","targetHints":{"allow":["GET"]}}],"collection":[{"href":"https:\/\/agrologistika.eu\/lt\/wp-json\/wp\/v2\/pages"}],"about":[{"href":"https:\/\/agrologistika.eu\/lt\/wp-json\/wp\/v2\/types\/page"}],"author":[{"embeddable":true,"href":"https:\/\/agrologistika.eu\/lt\/wp-json\/wp\/v2\/users\/1"}],"replies":[{"embeddable":true,"href":"https:\/\/agrologistika.eu\/lt\/wp-json\/wp\/v2\/comments?post=773"}],"version-history":[{"count":5,"href":"https:\/\/agrologistika.eu\/lt\/wp-json\/wp\/v2\/pages\/773\/revisions"}],"predecessor-version":[{"id":1103,"href":"https:\/\/agrologistika.eu\/lt\/wp-json\/wp\/v2\/pages\/773\/revisions\/1103"}],"wp:attachment":[{"href":"https:\/\/agrologistika.eu\/lt\/wp-json\/wp\/v2\/media?parent=773"}],"curies":[{"name":"wp","href":"https:\/\/api.w.org\/{rel}","templated":true}]}}